{"id":5332,"date":"2022-11-14T08:21:08","date_gmt":"2022-11-14T07:21:08","guid":{"rendered":"https:\/\/woohoo-group.com\/?page_id=5332"},"modified":"2023-10-04T11:43:45","modified_gmt":"2023-10-04T11:43:45","slug":"politica-de-cookies","status":"publish","type":"page","link":"https:\/\/woohoo-group.com\/en\/politica-de-cookies\/","title":{"rendered":"Pol\u00edtica de cookies"},"content":{"rendered":"<div class=\"wpb-content-wrapper\"><p>[vc_row el_class=&#8221;&#8221;][vc_column][gsf_space desktop=&#8221;90&#8243; tablet=&#8221;90&#8243; tablet_portrait=&#8221;90&#8243; mobile_landscape=&#8221;90&#8243; mobile=&#8221;90&#8243;][gsf_space desktop=&#8221;90&#8243; tablet=&#8221;70&#8243; tablet_portrait=&#8221;60&#8243; mobile_landscape=&#8221;50&#8243; mobile=&#8221;40&#8243;][\/vc_column][\/vc_row][vc_row el_class=&#8221;&#8221;][vc_column width=&#8221;5\/6&#8243;][vc_column_text]<\/p>\n<h1><strong>POL\u00cdTICA DE COOKIES<\/strong><\/h1>\n<p>[\/vc_column_text][\/vc_column][vc_column width=&#8221;1\/6&#8243;][\/vc_column][\/vc_row][vc_row el_class=&#8221;padding-row-bottom,padding-row-top&#8221;][vc_column][vc_column_text]<b>1. Definiciones<\/b><\/p>\n<p class=\"p4\">Cookie es un fichero que se descarga en su ordenador al acceder a determinadas p\u00e1ginas web, Smartphone, tablet o dispositivo an\u00e1logo. Las cookies permiten a una p\u00e1gina web, entre otras cosas, almacenar y recuperar informaci\u00f3n sobre los h\u00e1bitos de navegaci\u00f3n de un usuario o de su equipo y, dependiendo de la informaci\u00f3n que contengan y de la forma en que utilice su equipo, pueden utilizarse para reconocer al usuario.<\/p>\n<p class=\"p4\">El navegador del usuario memoriza cookies en el disco duro solamente durante la sesi\u00f3n actual ocupando un espacio de memoria m\u00ednimo y no perjudicando al ordenador. Las cookies no contienen ninguna clase de informaci\u00f3n personal espec\u00edfica, y la mayor\u00eda de las mismas se borran del disco duro al finalizar la sesi\u00f3n de navegador (las denominadas cookies de sesi\u00f3n).<\/p>\n<p><b>2. \u00bfQu\u00e9 tipos de cookies utiliza esta p\u00e1gina web?<\/b><\/p>\n<p class=\"p6\">Navegar por este portal web supone que se puedan instalar los siguientes tipos de Cookies:<\/p>\n<table class=\"t1\" cellspacing=\"0\" cellpadding=\"0\">\n<tbody>\n<tr>\n<td class=\"td1\" colspan=\"2\" valign=\"middle\">\n<p class=\"p7\"><b>Tipo de cookie<\/b><\/p>\n<\/td>\n<td class=\"td2\" colspan=\"2\" valign=\"top\">\n<p class=\"p7\"><b>Nombre de la cookie<\/b><\/p>\n<\/td>\n<td class=\"td3\" colspan=\"2\" valign=\"middle\">\n<p class=\"p7\"><b>Descripci\u00f3n<\/b><\/p>\n<\/td>\n<td class=\"td4\" colspan=\"2\" valign=\"middle\">\n<p class=\"p7\"><b>Uso <\/b><\/p>\n<\/td>\n<\/tr>\n<tr>\n<td class=\"td5\" valign=\"middle\">\n<p class=\"p8\"><b>DE RENDIMIENTO<\/b><\/p>\n<\/td>\n<td class=\"td6\" colspan=\"2\" valign=\"top\">\n<p class=\"p10\"><b>AMCVS_<\/b><\/p>\n<p class=\"p10\"><b>AMCV_<\/b><\/p>\n<p class=\"p10\"><b>_gat<\/b><\/p>\n<p class=\"p10\"><b>_ga<\/b><\/p>\n<p class=\"p10\"><b>s_cc<\/b><\/p>\n<p class=\"p10\"><b>mbox<\/b><\/p>\n<p class=\"p10\"><b>_gid<\/b><\/p>\n<p class=\"p10\"><b>s_fid<\/b><\/p>\n<p class=\"p10\"><b>s_ppvl<\/b><\/p>\n<p class=\"p10\"><b>s_ppv<\/b><\/p>\n<p class=\"p10\"><b>s_sq<\/b><\/p>\n<p class=\"p10\"><b>s_nr<\/b><\/p>\n<p class=\"p10\"><b>gpv<\/b><\/p>\n<p class=\"p11\"><b><span class=\"Apple-converted-space\">\u00a0\u00a0 \u00a0 \u00a0 <\/span>lbcs<\/b><\/p>\n<\/td>\n<td class=\"td6\" colspan=\"2\" valign=\"middle\">\n<p class=\"p12\">Estas Cookies se utilizan para mejorar tu experiencia de navegaci\u00f3n y optimizar el funcionamiento de nuestros sitios web. Almacenan configuraciones de servicios para que no tengas que reconfigurarlos cada vez que nos visitas.<\/p>\n<\/td>\n<td class=\"td7\" colspan=\"2\" valign=\"middle\">\n<ul class=\"ul1\">\n<li class=\"li13\">Velocidades de transmisi\u00f3n de v\u00eddeo \u00f3ptimas.<\/li>\n<li class=\"li13\">Contenidos adaptados a tu navegaci\u00f3n.<\/li>\n<li class=\"li13\">Facilidad de viralizar el contenido de tu preferencia.<\/li>\n<li class=\"li13\">Almacena la compra realizada en un \u201ccarrito de la compra\u201d en los Servicios de E-commerce.<\/li>\n<\/ul>\n<\/td>\n<td class=\"td8\" valign=\"top\"><\/td>\n<\/tr>\n<tr>\n<td class=\"td9\" valign=\"middle\">\n<p class=\"p8\"><b>DE GEOLOCALIZACI\u00d3N<\/b><\/p>\n<\/td>\n<td class=\"td10\" colspan=\"2\" valign=\"top\"><\/td>\n<td class=\"td10\" colspan=\"2\" valign=\"middle\">\n<p class=\"p12\">Estas Cookies se utilizan para almacenar datos de geolocalizaci\u00f3n del ordenador o dispositivo para ofrecerte contenidos y servicios m\u00e1s adecuados.<\/p>\n<\/td>\n<td class=\"td11\" colspan=\"2\" valign=\"middle\">\n<ul class=\"ul1\">\n<li class=\"li13\">Contenidos ajustados al pa\u00eds, ciudad, idioma, etc.<\/li>\n<\/ul>\n<\/td>\n<td class=\"td12\" valign=\"top\"><\/td>\n<\/tr>\n<tr>\n<td class=\"td13\" rowspan=\"2\" valign=\"middle\">\n<p class=\"p8\"><b>DE REGISTRO<\/b><\/p>\n<p class=\"p8\"><b>ANAL\u00cdTICAS<\/b><\/p>\n<\/td>\n<td class=\"td14\" colspan=\"2\" rowspan=\"2\" valign=\"top\">\n<p class=\"p11\"><b>PHPSESSID<\/b><\/p>\n<p class=\"p11\"><b>_ga<\/b><\/p>\n<p class=\"p11\"><b>_gid<\/b><\/p>\n<p class=\"p11\"><b>_gat<\/b><\/p>\n<p class=\"p11\"><b>collect<\/b><\/p>\n<p class=\"p11\"><b>gwcc<\/b><\/p>\n<\/td>\n<td class=\"td14\" colspan=\"2\" rowspan=\"2\" valign=\"middle\">\n<p class=\"p12\">Las Cookies de registro se crean al registrarte o cuando inicias sesi\u00f3n en uno de nuestros portales web.<\/p>\n<p class=\"p12\">Estas Cookies recopilan informaci\u00f3n de tu experiencia de navegaci\u00f3n en nuestros portales web de forma totalmente an\u00f3nima. &#8211; Podemos contabilizar el n\u00famero de visitantes de la p\u00e1gina o los contenidos m\u00e1s vistos.<\/p>\n<\/td>\n<td class=\"td15\" colspan=\"2\" valign=\"middle\">\n<ul class=\"ul1\">\n<li class=\"li13\">Puedes mantenerte autenticado aunque cierres el navegador, as\u00ed cuando vuelvas seguir\u00e1s identificado a menos que te desconectes o cierres la sesi\u00f3n.<\/li>\n<li class=\"li13\">Para acceder a ciertas zonas de nuestros portales web, por ejemplo para participar en un concurso.<\/li>\n<\/ul>\n<\/td>\n<td class=\"td16\" valign=\"top\"><\/td>\n<\/tr>\n<tr>\n<td class=\"td17\" colspan=\"2\" valign=\"middle\">\n<ul class=\"ul1\">\n<li class=\"li13\">Podemos saber si el usuario que est\u00e1 accediendo es nuevo o repite visita.<\/li>\n<li class=\"li13\">Esa informaci\u00f3n puede ayudarnos a mejorar la navegaci\u00f3n y darte un mejor servicio.<\/li>\n<\/ul>\n<\/td>\n<td class=\"td18\" valign=\"top\"><\/td>\n<\/tr>\n<tr>\n<td class=\"td19\" valign=\"middle\">\n<p class=\"p8\"><b>DE PUBLICIDAD<\/b><\/p>\n<\/td>\n<td class=\"td20\" colspan=\"2\" valign=\"top\">\n<p class=\"p18\"><b>JSESSIONID<\/b><\/p>\n<p class=\"p18\"><b>NID<\/b><\/p>\n<p class=\"p18\"><b>SID<\/b><\/p>\n<p class=\"p18\"><b>HSID<\/b><\/p>\n<p class=\"p18\"><b>IDE<\/b><\/p>\n<p class=\"p18\"><b>_gads<\/b><\/p>\n<p class=\"p18\"><b>_gac<\/b><\/p>\n<p class=\"p18\"><b>_gcl<\/b><\/p>\n<p class=\"p18\"><b>AID<\/b><\/p>\n<p class=\"p18\"><b>DSID<\/b><\/p>\n<p class=\"p19\"><span class=\"s2\"><b>TAID<\/b><\/span><\/p>\n<\/td>\n<td class=\"td20\" colspan=\"2\" valign=\"middle\">\n<p class=\"p12\">Estas Cookies recogen informaci\u00f3n sobre los anuncios mostrados a cada usuario an\u00f3nimo en los portales web. &#8211; Adaptar la publicidad al tipo de dispositivo desde el que el usuario se est\u00e1 conectando.<\/p>\n<\/td>\n<td class=\"td21\" colspan=\"2\" valign=\"middle\">\n<ul class=\"ul1\">\n<li class=\"li13\">Proporcionar anuncios gestionados a trav\u00e9s de terceros (\u201cAd-servers\u201d) que son mostrados en la p\u00e1gina en tiempo real.<\/li>\n<li class=\"li13\">Conocer informaci\u00f3n sobre el resultado de las campa\u00f1as como el n\u00famero de clicks, duraci\u00f3n, frecuencia de visualizaci\u00f3n, etc.<\/li>\n<li class=\"li13\">Ofrecerte publicidad de inter\u00e9s con base en tus h\u00e1bitos de navegaci\u00f3n.<\/li>\n<\/ul>\n<\/td>\n<td class=\"td22\" valign=\"top\"><\/td>\n<\/tr>\n<\/tbody>\n<\/table>\n<p><b>3. Desactivaci\u00f3n de cookies<\/b><\/p>\n<p class=\"p4\">El usuario podr\u00e1 -en cualquier momento- elegir qu\u00e9 cookies quiere que funcionen en este sitio web mediante la configuraci\u00f3n del\u00a0navegador; por ejemplo:<\/p>\n<ul class=\"ul1\">\n<li class=\"li23\"><span class=\"s5\"><b>Chrome<\/b>,desde\u00a0<a href=\"http:\/\/support.google.com\/chrome\/bin\/answer.py?hl=es&amp;answer=95647\"><span class=\"s6\">http:\/\/support.google.com\/chrome\/bin\/answer.py?hl=es&amp;answer=95647<\/span><\/a><\/span><\/li>\n<\/ul>\n<ul class=\"ul1\">\n<li class=\"li23\"><span class=\"s5\"><b>Microsoft Edge. \/ Explorer<\/b> desde\u00a0 <a href=\"http:\/\/windows.microsoft.com\/es-es\/windows7\/how-to-manage-cookies-in-internet-explorer-9\"><span class=\"s6\">http:\/\/windows.microsoft.com\/es-es\/windows7\/how-to-manage-cookies-in-internet-explorer-9<\/span><\/a><\/span><\/li>\n<\/ul>\n<ul class=\"ul1\">\n<li class=\"li23\"><span class=\"s5\"><b>Moziila Firefox<\/b>, desde\u00a0<a href=\"http:\/\/support.mozilla.org\/es\/kb\/habilitar-y-deshabilitar-cookies-que-los-sitios-we\"><span class=\"s6\">http:\/\/support.mozilla.org\/es\/kb\/habilitar-y-deshabilitar-cookies-que-los-sitios-we<\/span><\/a> <\/span><\/li>\n<\/ul>\n<ul class=\"ul1\">\n<li class=\"li23\"><span class=\"s5\"><b>Safari<\/b>, desde\u00a0<a href=\"http:\/\/support.apple.com\/kb\/ph5042%25C3%25A7\"><span class=\"s6\">http:\/\/support.apple.com\/kb\/ph5042\u00e7<\/span><\/a><\/span><\/li>\n<\/ul>\n<p><b>4. Actualizaci\u00f3n de la pol\u00edtica de cookies<\/b><\/p>\n<p class=\"p27\"><span class=\"s2\">Es posible que actualicemos la Pol\u00edtica de Cookies de nuestro Sitio Web, por ello le recomendamos revisar esta pol\u00edtica cada vez que acceda a nuestro Sitio Web con el objetivo de estar adecuadamente informado sobre c\u00f3mo y para qu\u00e9 usamos las cookies.<\/span><\/p>\n<p class=\"p1\">Pueden acceder a sus datos a trav\u00e9s de <a class=\"wt-cli-element cli_settings_button\" style=\"background-color: #ffffff;\" tabindex=\"0\" role=\"button\">Acceso a cookies<\/a><\/p>\n<p>[\/vc_column_text][\/vc_column][\/vc_row]<\/p>\n<\/div>","protected":false},"excerpt":{"rendered":"<p>[vc_row el_class=&#8221;&#8221;][vc_column][gsf_space desktop=&#8221;90&#8243; tablet=&#8221;90&#8243; tablet_portrait=&#8221;90&#8243; mobile_landscape=&#8221;90&#8243; mobile=&#8221;90&#8243;][gsf_space desktop=&#8221;90&#8243; tablet=&#8221;70&#8243; tablet_portrait=&#8221;60&#8243; mobile_landscape=&#8221;50&#8243; mobile=&#8221;40&#8243;][\/vc_column][\/vc_row][vc_row el_class=&#8221;&#8221;][vc_column width=&#8221;5\/6&#8243;][vc_column_text] POL\u00cdTICA DE COOKIES [\/vc_column_text][\/vc_column][vc_column width=&#8221;1\/6&#8243;][\/vc_column][\/vc_row][vc_row el_class=&#8221;padding-row-bottom,padding-row-top&#8221;][vc_column][vc_column_text]1. Definiciones Cookie es un fichero que se descarga en su ordenador al acceder a determinadas p\u00e1ginas web, Smartphone, tablet o dispositivo an\u00e1logo. Las cookies permiten a una p\u00e1gina web, entre otras cosas, almacenar y recuperar [&hellip;]<\/p>\n","protected":false},"author":1,"featured_media":0,"parent":0,"menu_order":0,"comment_status":"closed","ping_status":"closed","template":"","meta":{"_acf_changed":false,"footnotes":""},"class_list":["post-5332","page","type-page","status-publish","hentry"],"acf":[],"yoast_head":"<!-- This site is optimized with the Yoast SEO plugin v24.4 - https:\/\/yoast.com\/wordpress\/plugins\/seo\/ -->\n<title>Pol\u00edtica de cookies - Woohoo Group<\/title>\n<meta name=\"robots\" content=\"noindex, nofollow\" \/>\n<meta property=\"og:locale\" content=\"en_US\" \/>\n<meta property=\"og:type\" content=\"article\" \/>\n<meta property=\"og:title\" content=\"Pol\u00edtica de cookies - Woohoo Group\" \/>\n<meta property=\"og:description\" content=\"[vc_row el_class=&#8221;&#8221;][vc_column][gsf_space desktop=&#8221;90&#8243; tablet=&#8221;90&#8243; tablet_portrait=&#8221;90&#8243; mobile_landscape=&#8221;90&#8243; mobile=&#8221;90&#8243;][gsf_space desktop=&#8221;90&#8243; tablet=&#8221;70&#8243; tablet_portrait=&#8221;60&#8243; mobile_landscape=&#8221;50&#8243; mobile=&#8221;40&#8243;][\/vc_column][\/vc_row][vc_row el_class=&#8221;&#8221;][vc_column width=&#8221;5\/6&#8243;][vc_column_text] POL\u00cdTICA DE COOKIES [\/vc_column_text][\/vc_column][vc_column width=&#8221;1\/6&#8243;][\/vc_column][\/vc_row][vc_row el_class=&#8221;padding-row-bottom,padding-row-top&#8221;][vc_column][vc_column_text]1. Definiciones Cookie es un fichero que se descarga en su ordenador al acceder a determinadas p\u00e1ginas web, Smartphone, tablet o dispositivo an\u00e1logo. Las cookies permiten a una p\u00e1gina web, entre otras cosas, almacenar y recuperar [&hellip;]\" \/>\n<meta property=\"og:url\" content=\"https:\/\/woohoo-group.com\/en\/politica-de-cookies\/\" \/>\n<meta property=\"og:site_name\" content=\"Woohoo Group\" \/>\n<meta property=\"article:modified_time\" content=\"2023-10-04T11:43:45+00:00\" \/>\n<meta name=\"twitter:card\" content=\"summary_large_image\" \/>\n<meta name=\"twitter:label1\" content=\"Est. reading time\" \/>\n\t<meta name=\"twitter:data1\" content=\"4 minutes\" \/>\n<script type=\"application\/ld+json\" class=\"yoast-schema-graph\">{\"@context\":\"https:\/\/schema.org\",\"@graph\":[{\"@type\":\"WebPage\",\"@id\":\"https:\/\/woohoo-group.com\/en\/politica-de-cookies\/\",\"url\":\"https:\/\/woohoo-group.com\/en\/politica-de-cookies\/\",\"name\":\"Pol\u00edtica de cookies - Woohoo Group\",\"isPartOf\":{\"@id\":\"https:\/\/woohoo-group.com\/en\/#website\"},\"datePublished\":\"2022-11-14T07:21:08+00:00\",\"dateModified\":\"2023-10-04T11:43:45+00:00\",\"inLanguage\":\"en-US\",\"potentialAction\":[{\"@type\":\"ReadAction\",\"target\":[\"https:\/\/woohoo-group.com\/en\/politica-de-cookies\/\"]}]},{\"@type\":\"WebSite\",\"@id\":\"https:\/\/woohoo-group.com\/en\/#website\",\"url\":\"https:\/\/woohoo-group.com\/en\/\",\"name\":\"Woohoo Group\",\"description\":\"Boutique Rooms Experience\",\"potentialAction\":[{\"@type\":\"SearchAction\",\"target\":{\"@type\":\"EntryPoint\",\"urlTemplate\":\"https:\/\/woohoo-group.com\/en\/?s={search_term_string}\"},\"query-input\":{\"@type\":\"PropertyValueSpecification\",\"valueRequired\":true,\"valueName\":\"search_term_string\"}}],\"inLanguage\":\"en-US\"}]}<\/script>\n<!-- \/ Yoast SEO plugin. -->","yoast_head_json":{"title":"Pol\u00edtica de cookies - Woohoo Group","robots":{"index":"noindex","follow":"nofollow"},"og_locale":"en_US","og_type":"article","og_title":"Pol\u00edtica de cookies - Woohoo Group","og_description":"[vc_row el_class=&#8221;&#8221;][vc_column][gsf_space desktop=&#8221;90&#8243; tablet=&#8221;90&#8243; tablet_portrait=&#8221;90&#8243; mobile_landscape=&#8221;90&#8243; mobile=&#8221;90&#8243;][gsf_space desktop=&#8221;90&#8243; tablet=&#8221;70&#8243; tablet_portrait=&#8221;60&#8243; mobile_landscape=&#8221;50&#8243; mobile=&#8221;40&#8243;][\/vc_column][\/vc_row][vc_row el_class=&#8221;&#8221;][vc_column width=&#8221;5\/6&#8243;][vc_column_text] POL\u00cdTICA DE COOKIES [\/vc_column_text][\/vc_column][vc_column width=&#8221;1\/6&#8243;][\/vc_column][\/vc_row][vc_row el_class=&#8221;padding-row-bottom,padding-row-top&#8221;][vc_column][vc_column_text]1. Definiciones Cookie es un fichero que se descarga en su ordenador al acceder a determinadas p\u00e1ginas web, Smartphone, tablet o dispositivo an\u00e1logo. Las cookies permiten a una p\u00e1gina web, entre otras cosas, almacenar y recuperar [&hellip;]","og_url":"https:\/\/woohoo-group.com\/en\/politica-de-cookies\/","og_site_name":"Woohoo Group","article_modified_time":"2023-10-04T11:43:45+00:00","twitter_card":"summary_large_image","twitter_misc":{"Est. reading time":"4 minutes"},"schema":{"@context":"https:\/\/schema.org","@graph":[{"@type":"WebPage","@id":"https:\/\/woohoo-group.com\/en\/politica-de-cookies\/","url":"https:\/\/woohoo-group.com\/en\/politica-de-cookies\/","name":"Pol\u00edtica de cookies - Woohoo Group","isPartOf":{"@id":"https:\/\/woohoo-group.com\/en\/#website"},"datePublished":"2022-11-14T07:21:08+00:00","dateModified":"2023-10-04T11:43:45+00:00","inLanguage":"en-US","potentialAction":[{"@type":"ReadAction","target":["https:\/\/woohoo-group.com\/en\/politica-de-cookies\/"]}]},{"@type":"WebSite","@id":"https:\/\/woohoo-group.com\/en\/#website","url":"https:\/\/woohoo-group.com\/en\/","name":"Woohoo Group","description":"Boutique Rooms Experience","potentialAction":[{"@type":"SearchAction","target":{"@type":"EntryPoint","urlTemplate":"https:\/\/woohoo-group.com\/en\/?s={search_term_string}"},"query-input":{"@type":"PropertyValueSpecification","valueRequired":true,"valueName":"search_term_string"}}],"inLanguage":"en-US"}]}},"_links":{"self":[{"href":"https:\/\/woohoo-group.com\/en\/wp-json\/wp\/v2\/pages\/5332","targetHints":{"allow":["GET"]}}],"collection":[{"href":"https:\/\/woohoo-group.com\/en\/wp-json\/wp\/v2\/pages"}],"about":[{"href":"https:\/\/woohoo-group.com\/en\/wp-json\/wp\/v2\/types\/page"}],"author":[{"embeddable":true,"href":"https:\/\/woohoo-group.com\/en\/wp-json\/wp\/v2\/users\/1"}],"replies":[{"embeddable":true,"href":"https:\/\/woohoo-group.com\/en\/wp-json\/wp\/v2\/comments?post=5332"}],"version-history":[{"count":1,"href":"https:\/\/woohoo-group.com\/en\/wp-json\/wp\/v2\/pages\/5332\/revisions"}],"predecessor-version":[{"id":5340,"href":"https:\/\/woohoo-group.com\/en\/wp-json\/wp\/v2\/pages\/5332\/revisions\/5340"}],"wp:attachment":[{"href":"https:\/\/woohoo-group.com\/en\/wp-json\/wp\/v2\/media?parent=5332"}],"curies":[{"name":"wp","href":"https:\/\/api.w.org\/{rel}","templated":true}]}}