{"id":5333,"date":"2022-11-14T08:19:25","date_gmt":"2022-11-14T07:19:25","guid":{"rendered":"https:\/\/woohoo-group.com\/?page_id=5333"},"modified":"2023-10-04T11:43:50","modified_gmt":"2023-10-04T11:43:50","slug":"politica-de-privacidad","status":"publish","type":"page","link":"https:\/\/woohoo-group.com\/en\/politica-de-privacidad\/","title":{"rendered":"Pol\u00edtica de privacidad"},"content":{"rendered":"<div class=\"wpb-content-wrapper\"><p>[vc_row][vc_column][gsf_space desktop=&#8221;90&#8243; tablet=&#8221;90&#8243; tablet_portrait=&#8221;90&#8243; mobile_landscape=&#8221;90&#8243; mobile=&#8221;90&#8243;][gsf_space desktop=&#8221;90&#8243; tablet=&#8221;70&#8243; tablet_portrait=&#8221;60&#8243; mobile_landscape=&#8221;50&#8243; mobile=&#8221;40&#8243;][\/vc_column][\/vc_row][vc_row][vc_column width=&#8221;5\/6&#8243;][vc_column_text]<\/p>\n<h1><strong>POL\u00cdTICA DE PRIVACIDAD<\/strong><\/h1>\n<p>[\/vc_column_text][\/vc_column][vc_column width=&#8221;1\/6&#8243;][\/vc_column][\/vc_row][vc_row el_class=&#8221;padding-row-bottom,padding-row-top&#8221;][vc_column][vc_column_text el_class=&#8221;&#8221;]<\/p>\n<ol class=\"ol1\">\n<li class=\"li1\">Pol\u00edtica de privacidad<\/li>\n<\/ol>\n<p class=\"p3\">De conformidad con lo establecido en la legislaci\u00f3n vigente sobre protecci\u00f3n de datos, el <span class=\"s1\">Reglamento (UE) 2016\/679, del Parlamento Europeo y del Consejo, de 27 de abril de 2016, relativo a la protecci\u00f3n de las personas f\u00edsicas en lo que respecto al tratamiento de datos personales y a la libre circulaci\u00f3n de estos datos<\/span> (en adelante, RGPD), as\u00ed como en la <span class=\"s1\">Ley Org\u00e1nica 3\/2018, de 5 de diciembre, de Protecci\u00f3n de Datos y garant\u00eda de los derechos digitales<\/span> (en adelante, LOPD-GDD), se informa al usuario de conformidad con lo establecido en los art\u00edculos 13 del RGPD y 11 de la LOPD-GDD:<\/p>\n<ol class=\"ol1\">\n<li class=\"li5\"><b><\/b><span class=\"s1\"><b>RESPONSABLE<\/b><\/span><\/li>\n<\/ol>\n<p class=\"p7\"><b>\u00bfQui\u00e9n es el responsable de tratamiento de sus datos?<\/b><\/p>\n<ul class=\"ul1\">\n<li class=\"li9\">Raz\u00f3n social: <span class=\"s3\">SMART HOSTING SL <\/span><\/li>\n<li class=\"li5\"><span class=\"s5\">CIF: <\/span>B87055935<\/li>\n<li class=\"li5\"><span class=\"s5\">Domicilio<\/span>: Calle Concepci\u00f3n Arenal, 6 \u2013 3\u00ba. 28004 Madrid<\/li>\n<li class=\"li5\"><span class=\"s5\">Correo electr\u00f3nico: <\/span>juridico@woohoo-group.com<\/li>\n<\/ul>\n<ol class=\"ol1\">\n<li class=\"li5\"><b><\/b><span class=\"s1\"><b>FINALIDAD<\/b><\/span><\/li>\n<\/ol>\n<p class=\"p11\"><b>\u00bfCon que finalidad trataremos sus datos personales?<\/b><\/p>\n<p class=\"p12\">En SMART HOSTING SL<span class=\"Apple-converted-space\">\u00a0 <\/span>trataremos su informaci\u00f3n para:<\/p>\n<ol class=\"ol2\">\n<li class=\"li5\">Mantenimiento de la relaci\u00f3n mercantil y prestaci\u00f3n del servicio contratado.<\/li>\n<\/ol>\n<ol class=\"ol2\">\n<li class=\"li15\">Realizaci\u00f3n de un presupuesto ajustado a sus necesidades.<\/li>\n<\/ol>\n<ol class=\"ol2\">\n<li class=\"li15\">Gestionar comunicaciones por correo electr\u00f3nico con interesados.<\/li>\n<\/ol>\n<ol class=\"ol2\">\n<li class=\"li15\">Llevar a cabo los procesos de selecci\u00f3n de la sociedad.<\/li>\n<\/ol>\n<ol class=\"ol2\">\n<li class=\"li15\">Controlar la seguridad de las instalaciones (videovigilancia).<\/li>\n<\/ol>\n<ol class=\"ol2\">\n<li class=\"li15\">Gesti\u00f3n de los empleados y recursos humanos de la sociedad.<\/li>\n<\/ol>\n<p class=\"p11\"><b>\u00bfDurante cu\u00e1nto tiempo tendremos sus datos?<\/b><\/p>\n<p class=\"p12\">Los datos personales que nos proporciones ser\u00e1n conservados mientras se mantenga la relaci\u00f3n mercantil vigente. No obstante para tener la m\u00e1xima transparencia con usted le indicamos que los c\u00f3mputos generales con los que trabajamos son:<\/p>\n<ul class=\"ul1\">\n<li class=\"li15\">Datos gen\u00e9ricos de identificaci\u00f3n (correo electr\u00f3nico, nombre, apellidos, tel\u00e9fono, etc.): mientras dure la relaci\u00f3n mercantil o hasta que se revoque el consentimiento. En cualquier caso, se eliminar\u00e1n cuando no vayan a utilizarse para el fin con el que fueron recabados.<\/li>\n<\/ul>\n<ul class=\"ul1\">\n<li class=\"li15\">Contable, fiscal y laboral: seis (6) a\u00f1os.<\/li>\n<\/ul>\n<ul class=\"ul1\">\n<li class=\"li15\">Laboral: diez (10) a\u00f1os.<\/li>\n<\/ul>\n<ul class=\"ul1\">\n<li class=\"li15\">Procesos de selecci\u00f3n: dos (2) a\u00f1os desde la entrega del curriculum vitae.<\/li>\n<\/ul>\n<ul class=\"ul1\">\n<li class=\"li15\">Videovigilancia: treinta (30) d\u00edas, salvo grabaci\u00f3n de una infracci\u00f3n y\/o delito.<\/li>\n<\/ul>\n<p class=\"p12\">Pese a la existencia de estos plazos generales, le informamos que de forma peri\u00f3dica revisaremos nuestros sistemas para proceder a eliminar aquellos datos que no sean legalmente necesarios.<\/p>\n<ol class=\"ol1\">\n<li class=\"li5\"><b><\/b><span class=\"s1\"><b>LEGITIMACI\u00d3N<\/b><\/span><\/li>\n<\/ol>\n<p class=\"p11\"><b>\u00bfCu\u00e1l es la legitimaci\u00f3n para el tratamiento de sus datos?<\/b><\/p>\n<p class=\"p12\">Seg\u00fan las finalidades de la recogida de nuestros datos, el tratamiento de sus datos es necesario:<\/p>\n<ol class=\"ol2\">\n<li class=\"li15\"><span class=\"s1\">Gestionar la relaci\u00f3n mercantil que ha suscrito y contratado con nosotros.<\/span>\n<ol class=\"ol3\">\n<li class=\"li15\">Ejecuci\u00f3n de un contrato (habilitado por el art\u00edculo 6.1.b RGPD)<\/li>\n<li class=\"li15\">Consentimiento del interesado (habitado por el art\u00edculo 6.1.a RGPD)<\/li>\n<\/ol>\n<\/li>\n<\/ol>\n<ol class=\"ol2\">\n<li class=\"li15\"><span class=\"s1\">Realizaci\u00f3n de un presupuesto ajustado a sus necesidades.<\/span>\n<ol class=\"ol3\">\n<li class=\"li15\">Ejecuci\u00f3n de un contrato y\/o relaci\u00f3n precontractual (habilitado por el art\u00edculo 6.1.b RGPD)<\/li>\n<\/ol>\n<\/li>\n<\/ol>\n<ol class=\"ol2\">\n<li class=\"li15\"><span class=\"s1\">Gestionar comunicaciones por correo electr\u00f3nico con interesados.<\/span>\n<ol class=\"ol3\">\n<li class=\"li15\">Consentimiento del interesado (habitado por el art\u00edculo 6.1.a RGPD)<\/li>\n<li class=\"li15\">Inter\u00e9s leg\u00edtimo (habilitado por el art\u00edculo 6.1.f RGPD)<\/li>\n<\/ol>\n<\/li>\n<\/ol>\n<ol class=\"ol2\">\n<li class=\"li15\"><span class=\"s1\">Llevar a cabo los procesos de selecci\u00f3n de la sociedad.<\/span>\n<ol class=\"ol3\">\n<li class=\"li15\">Consentimiento del interesado (habitado por el art\u00edculo 6.1.a RGPD)<\/li>\n<\/ol>\n<\/li>\n<\/ol>\n<ol class=\"ol2\">\n<li class=\"li15\"><span class=\"s1\">Controlar la seguridad de<span class=\"Apple-converted-space\">\u00a0 <\/span>las instalaciones (videovigilancia)<\/span>\n<ol class=\"ol3\">\n<li class=\"li15\">Inter\u00e9s leg\u00edtimo (habilitado por el art\u00edculo 6.1.f RGPD)<\/li>\n<\/ol>\n<\/li>\n<\/ol>\n<ol class=\"ol2\">\n<li class=\"li15\"><span class=\"s1\">Gesti\u00f3n de los empleados y recursos humanos internos de la sociedad<\/span>\n<ol class=\"ol3\">\n<li class=\"li15\">Ejecuci\u00f3n contractual (habilitado por el art\u00edculo 6.1.b RGPD)<\/li>\n<\/ol>\n<\/li>\n<\/ol>\n<p class=\"p12\">Asimismo, todos los datos recogidos son necesarios para la prestaci\u00f3n del servicio. No obstante, aquellos datos que est\u00e9n marcados con un asterisco (*) ser\u00e1n obligatorios. En el caso de que los datos obligatorios no fueran facilitados SMART HOSTING SL<span class=\"Apple-converted-space\">\u00a0 <\/span>no podr\u00e1 prestarle el servicio contratado.<\/p>\n<ol class=\"ol1\">\n<li class=\"li15\"><b><\/b><span class=\"s1\"><b>DERECHOS QUE LE ASISTEN A LAS PERSONAS INTERESADAS<\/b><\/span><\/li>\n<\/ol>\n<p class=\"p21\"><b>\u00bfQu\u00e9 derechos tengo en materia de protecci\u00f3n de datos?<\/b><\/p>\n<p class=\"p12\">Conforme a lo establecido en los art\u00edculos 13 RGPD y 11.2.c) LOPDGDD, puede ejercitar cualquiera de los siguientes derechos comunic\u00e1ndonoslo a la direcci\u00f3n postal Calle Concepci\u00f3n Arenal, 6 \u2013 3\u00ba. 28004 Madrid o a la direcci\u00f3n electr\u00f3nica juridico@woohoo-group.com. En todo caso, seg\u00fan la normativa vigente tiene reconocidos los siguientes derechos de acuerdo a lo contenido en los art\u00edculos 15 a 22 RGPD y 12 a 18 LOPDGDD:<\/p>\n<ul class=\"ul1\">\n<li class=\"li15\">Derecho a solicitar el acceso a los datos personales relativos al interesado.<\/li>\n<\/ul>\n<ul class=\"ul1\">\n<li class=\"li15\">Derecho a solicitar su rectificaci\u00f3n o supresi\u00f3n.<\/li>\n<\/ul>\n<ul class=\"ul1\">\n<li class=\"li15\">Derecho a solicitar la limitaci\u00f3n del tratamiento.<\/li>\n<\/ul>\n<ul class=\"ul1\">\n<li class=\"li15\">Derecho a oponerse al tratamiento.<\/li>\n<\/ul>\n<ul class=\"ul1\">\n<li class=\"li15\">Derecho a la portabilidad.<\/li>\n<\/ul>\n<p class=\"p12\">Podr\u00e1 hacer uso de los siguientes formularios para poder ejercitar sus derechos de una manera m\u00e1s f\u00e1cil. Puede descargarlos <span class=\"s1\"><b>pulsando aqu\u00ed.<\/b><\/span> Adicionalmente, puede presentar una reclamaci\u00f3n ante la Agencia Espa\u00f1ola de Protecci\u00f3n de Datos (AEPD). M\u00e1s informaci\u00f3n en el Apartado VII del presente documento.<\/p>\n<ol class=\"ol1\">\n<li class=\"li15\"><b><\/b><span class=\"s1\"><b>DESTINATARIOS<\/b><\/span><\/li>\n<\/ol>\n<p class=\"p21\"><b>\u00bfA qu\u00e9 destinatarios se comunicar\u00e1n sus datos?<\/b><\/p>\n<p class=\"p12\">Sus datos no ser\u00e1n comunicados a terceras empresas, salvo que se indique lo contrario.<span class=\"Apple-converted-space\">\u00a0 <\/span>Asimismo, le informamos que sus datos no se transferir\u00e1n internacionalmente a ning\u00fan tercer pa\u00eds si no se indica lo contrario.<\/p>\n<ol class=\"ol1\">\n<li class=\"li15\"><b><\/b><span class=\"s1\"><b>PROCEDENCIA DE SUS DATOS <\/b><\/span><\/li>\n<\/ol>\n<p class=\"p21\"><b>\u00bfC\u00f3mo hemos obtenido sus datos?<\/b><\/p>\n<p class=\"p12\">Los datos de car\u00e1cter personal que utiliza SMART HOSTING SL<span class=\"Apple-converted-space\">\u00a0 <\/span>proceden del propio interesado, dando as\u00ed cumplimiento a lo establecido en los art\u00edculos 13 RGPD y 11 LOPDGDD ya mencionados, o de empresas del grupo, sobre las que puede obtener m\u00e1s informaci\u00f3n escribiendo a la direcci\u00f3n de correo electr\u00f3nico juridico@woohoo-group.com o en la oficina del Responsable en la direcci\u00f3n postal indicada en este documento.<\/p>\n<p class=\"p21\"><b>\u00bfQu\u00e9 categor\u00edas de datos manejamos?<\/b><\/p>\n<p class=\"p25\">Las categor\u00edas de datos de car\u00e1cter personal que se tratan:<\/p>\n<ul class=\"ul1\">\n<li class=\"li15\">Datos de identificaci\u00f3n\n<ul class=\"ul1\">\n<li class=\"li15\">Nombre<\/li>\n<li class=\"li15\">Apellidos<\/li>\n<li class=\"li15\">DNI \/ NIE \/ Pasaporte o documento equivalente<\/li>\n<li class=\"li15\">Direcciones postales<\/li>\n<li class=\"li15\">Direcciones electr\u00f3nicas<\/li>\n<li class=\"li15\">Sexo<\/li>\n<li class=\"li15\">Fecha de nacimiento<\/li>\n<li class=\"li15\">Lugar de nacimiento<\/li>\n<li class=\"li15\">Tel\u00e9fono de contacto (m\u00f3vil \/ fijo)<\/li>\n<\/ul>\n<\/li>\n<\/ul>\n<ul class=\"ul1\">\n<li class=\"li15\">Informaci\u00f3n comercial<\/li>\n<\/ul>\n<ul class=\"ul1\">\n<li class=\"li15\">Datos econ\u00f3micos\n<ul class=\"ul1\">\n<li class=\"li15\">N\u00famero de cuenta bancaria<\/li>\n<li class=\"li15\">N\u00famero de tarjeta de cr\u00e9dito<\/li>\n<\/ul>\n<\/li>\n<\/ul>\n<ul class=\"ul1\">\n<li class=\"li15\">Curriculum vitae\n<ul class=\"ul1\">\n<li class=\"li15\">Datos acad\u00e9micos<\/li>\n<li class=\"li15\">Titulaciones<\/li>\n<li class=\"li15\">Aficiones<\/li>\n<li class=\"li15\">Pertenencia a asociaciones o clubes<\/li>\n<\/ul>\n<\/li>\n<\/ul>\n<ul class=\"ul1\">\n<li class=\"li15\">Videovigilancia\n<ul class=\"ul1\">\n<li class=\"li15\">Imagen<\/li>\n<\/ul>\n<\/li>\n<\/ul>\n<p class=\"p25\">Salvo que se indique lo contrario, SMART HOSTING SL<span class=\"Apple-converted-space\">\u00a0 <\/span>no tratar\u00e1 datos especialmente protegidos seg\u00fan lo establecido en los art\u00edculos 9 RGPD y 9 LOPDGDD. En cualquier caso, el tratamiento que implique el uso de datos especialmente protegidos o sensibles se indicar\u00e1 al interesado en este documento.<\/p>\n<p>[\/vc_column_text][\/vc_column][\/vc_row]<\/p>\n<\/div>","protected":false},"excerpt":{"rendered":"<p>[vc_row][vc_column][gsf_space desktop=&#8221;90&#8243; tablet=&#8221;90&#8243; tablet_portrait=&#8221;90&#8243; mobile_landscape=&#8221;90&#8243; mobile=&#8221;90&#8243;][gsf_space desktop=&#8221;90&#8243; tablet=&#8221;70&#8243; tablet_portrait=&#8221;60&#8243; mobile_landscape=&#8221;50&#8243; mobile=&#8221;40&#8243;][\/vc_column][\/vc_row][vc_row][vc_column width=&#8221;5\/6&#8243;][vc_column_text] POL\u00cdTICA DE PRIVACIDAD [\/vc_column_text][\/vc_column][vc_column width=&#8221;1\/6&#8243;][\/vc_column][\/vc_row][vc_row el_class=&#8221;padding-row-bottom,padding-row-top&#8221;][vc_column][vc_column_text el_class=&#8221;&#8221;] Pol\u00edtica de privacidad De conformidad con lo establecido en la legislaci\u00f3n vigente sobre protecci\u00f3n de datos, el Reglamento (UE) 2016\/679, del Parlamento Europeo y del Consejo, de 27 de abril de 2016, relativo a la protecci\u00f3n [&hellip;]<\/p>\n","protected":false},"author":1,"featured_media":0,"parent":0,"menu_order":0,"comment_status":"closed","ping_status":"closed","template":"","meta":{"_acf_changed":false,"footnotes":""},"class_list":["post-5333","page","type-page","status-publish","hentry"],"acf":[],"yoast_head":"<!-- This site is optimized with the Yoast SEO plugin v24.4 - https:\/\/yoast.com\/wordpress\/plugins\/seo\/ -->\n<title>Pol\u00edtica de privacidad - Woohoo Group<\/title>\n<meta name=\"robots\" content=\"noindex, nofollow\" \/>\n<meta property=\"og:locale\" content=\"en_US\" \/>\n<meta property=\"og:type\" content=\"article\" \/>\n<meta property=\"og:title\" content=\"Pol\u00edtica de privacidad - Woohoo Group\" \/>\n<meta property=\"og:description\" content=\"[vc_row][vc_column][gsf_space desktop=&#8221;90&#8243; tablet=&#8221;90&#8243; tablet_portrait=&#8221;90&#8243; mobile_landscape=&#8221;90&#8243; mobile=&#8221;90&#8243;][gsf_space desktop=&#8221;90&#8243; tablet=&#8221;70&#8243; tablet_portrait=&#8221;60&#8243; mobile_landscape=&#8221;50&#8243; mobile=&#8221;40&#8243;][\/vc_column][\/vc_row][vc_row][vc_column width=&#8221;5\/6&#8243;][vc_column_text] POL\u00cdTICA DE PRIVACIDAD [\/vc_column_text][\/vc_column][vc_column width=&#8221;1\/6&#8243;][\/vc_column][\/vc_row][vc_row el_class=&#8221;padding-row-bottom,padding-row-top&#8221;][vc_column][vc_column_text el_class=&#8221;&#8221;] Pol\u00edtica de privacidad De conformidad con lo establecido en la legislaci\u00f3n vigente sobre protecci\u00f3n de datos, el Reglamento (UE) 2016\/679, del Parlamento Europeo y del Consejo, de 27 de abril de 2016, relativo a la protecci\u00f3n [&hellip;]\" \/>\n<meta property=\"og:url\" content=\"https:\/\/woohoo-group.com\/en\/politica-de-privacidad\/\" \/>\n<meta property=\"og:site_name\" content=\"Woohoo Group\" \/>\n<meta property=\"article:modified_time\" content=\"2023-10-04T11:43:50+00:00\" \/>\n<meta name=\"twitter:card\" content=\"summary_large_image\" \/>\n<meta name=\"twitter:label1\" content=\"Est. reading time\" \/>\n\t<meta name=\"twitter:data1\" content=\"6 minutes\" \/>\n<script type=\"application\/ld+json\" class=\"yoast-schema-graph\">{\"@context\":\"https:\/\/schema.org\",\"@graph\":[{\"@type\":\"WebPage\",\"@id\":\"https:\/\/woohoo-group.com\/en\/politica-de-privacidad\/\",\"url\":\"https:\/\/woohoo-group.com\/en\/politica-de-privacidad\/\",\"name\":\"Pol\u00edtica de privacidad - Woohoo Group\",\"isPartOf\":{\"@id\":\"https:\/\/woohoo-group.com\/en\/#website\"},\"datePublished\":\"2022-11-14T07:19:25+00:00\",\"dateModified\":\"2023-10-04T11:43:50+00:00\",\"inLanguage\":\"en-US\",\"potentialAction\":[{\"@type\":\"ReadAction\",\"target\":[\"https:\/\/woohoo-group.com\/en\/politica-de-privacidad\/\"]}]},{\"@type\":\"WebSite\",\"@id\":\"https:\/\/woohoo-group.com\/en\/#website\",\"url\":\"https:\/\/woohoo-group.com\/en\/\",\"name\":\"Woohoo Group\",\"description\":\"Boutique Rooms Experience\",\"potentialAction\":[{\"@type\":\"SearchAction\",\"target\":{\"@type\":\"EntryPoint\",\"urlTemplate\":\"https:\/\/woohoo-group.com\/en\/?s={search_term_string}\"},\"query-input\":{\"@type\":\"PropertyValueSpecification\",\"valueRequired\":true,\"valueName\":\"search_term_string\"}}],\"inLanguage\":\"en-US\"}]}<\/script>\n<!-- \/ Yoast SEO plugin. -->","yoast_head_json":{"title":"Pol\u00edtica de privacidad - Woohoo Group","robots":{"index":"noindex","follow":"nofollow"},"og_locale":"en_US","og_type":"article","og_title":"Pol\u00edtica de privacidad - Woohoo Group","og_description":"[vc_row][vc_column][gsf_space desktop=&#8221;90&#8243; tablet=&#8221;90&#8243; tablet_portrait=&#8221;90&#8243; mobile_landscape=&#8221;90&#8243; mobile=&#8221;90&#8243;][gsf_space desktop=&#8221;90&#8243; tablet=&#8221;70&#8243; tablet_portrait=&#8221;60&#8243; mobile_landscape=&#8221;50&#8243; mobile=&#8221;40&#8243;][\/vc_column][\/vc_row][vc_row][vc_column width=&#8221;5\/6&#8243;][vc_column_text] POL\u00cdTICA DE PRIVACIDAD [\/vc_column_text][\/vc_column][vc_column width=&#8221;1\/6&#8243;][\/vc_column][\/vc_row][vc_row el_class=&#8221;padding-row-bottom,padding-row-top&#8221;][vc_column][vc_column_text el_class=&#8221;&#8221;] Pol\u00edtica de privacidad De conformidad con lo establecido en la legislaci\u00f3n vigente sobre protecci\u00f3n de datos, el Reglamento (UE) 2016\/679, del Parlamento Europeo y del Consejo, de 27 de abril de 2016, relativo a la protecci\u00f3n [&hellip;]","og_url":"https:\/\/woohoo-group.com\/en\/politica-de-privacidad\/","og_site_name":"Woohoo Group","article_modified_time":"2023-10-04T11:43:50+00:00","twitter_card":"summary_large_image","twitter_misc":{"Est. reading time":"6 minutes"},"schema":{"@context":"https:\/\/schema.org","@graph":[{"@type":"WebPage","@id":"https:\/\/woohoo-group.com\/en\/politica-de-privacidad\/","url":"https:\/\/woohoo-group.com\/en\/politica-de-privacidad\/","name":"Pol\u00edtica de privacidad - Woohoo Group","isPartOf":{"@id":"https:\/\/woohoo-group.com\/en\/#website"},"datePublished":"2022-11-14T07:19:25+00:00","dateModified":"2023-10-04T11:43:50+00:00","inLanguage":"en-US","potentialAction":[{"@type":"ReadAction","target":["https:\/\/woohoo-group.com\/en\/politica-de-privacidad\/"]}]},{"@type":"WebSite","@id":"https:\/\/woohoo-group.com\/en\/#website","url":"https:\/\/woohoo-group.com\/en\/","name":"Woohoo Group","description":"Boutique Rooms Experience","potentialAction":[{"@type":"SearchAction","target":{"@type":"EntryPoint","urlTemplate":"https:\/\/woohoo-group.com\/en\/?s={search_term_string}"},"query-input":{"@type":"PropertyValueSpecification","valueRequired":true,"valueName":"search_term_string"}}],"inLanguage":"en-US"}]}},"_links":{"self":[{"href":"https:\/\/woohoo-group.com\/en\/wp-json\/wp\/v2\/pages\/5333","targetHints":{"allow":["GET"]}}],"collection":[{"href":"https:\/\/woohoo-group.com\/en\/wp-json\/wp\/v2\/pages"}],"about":[{"href":"https:\/\/woohoo-group.com\/en\/wp-json\/wp\/v2\/types\/page"}],"author":[{"embeddable":true,"href":"https:\/\/woohoo-group.com\/en\/wp-json\/wp\/v2\/users\/1"}],"replies":[{"embeddable":true,"href":"https:\/\/woohoo-group.com\/en\/wp-json\/wp\/v2\/comments?post=5333"}],"version-history":[{"count":1,"href":"https:\/\/woohoo-group.com\/en\/wp-json\/wp\/v2\/pages\/5333\/revisions"}],"predecessor-version":[{"id":5341,"href":"https:\/\/woohoo-group.com\/en\/wp-json\/wp\/v2\/pages\/5333\/revisions\/5341"}],"wp:attachment":[{"href":"https:\/\/woohoo-group.com\/en\/wp-json\/wp\/v2\/media?parent=5333"}],"curies":[{"name":"wp","href":"https:\/\/api.w.org\/{rel}","templated":true}]}}